{"id":4450,"date":"2014-10-07T08:43:01","date_gmt":"2014-10-07T07:43:01","guid":{"rendered":"http:\/\/formweh.de\/?page_id=4450"},"modified":"2023-01-04T13:37:28","modified_gmt":"2023-01-04T12:37:28","slug":"projekte","status":"publish","type":"page","link":"https:\/\/formweh.de\/?page_id=4450","title":{"rendered":"projekte"},"content":{"rendered":"<p>&nbsp;<\/p>\n<p><strong>Walter Knoll 150 &#8211; Reise durch die Moderne<br \/>\n<\/strong><\/p>\n<div id=\"attachment_4511\" style=\"width: 310px\" class=\"wp-caption alignleft\"><a href=\"https:\/\/formweh.de\/wp-content\/uploads\/2014\/10\/taxinachherrenberg-239-web.jpg\"><img loading=\"lazy\" decoding=\"async\" aria-describedby=\"caption-attachment-4511\" class=\"size-medium wp-image-4511\" src=\"https:\/\/formweh.de\/wp-content\/uploads\/2014\/10\/taxinachherrenberg-239-web-300x168.jpg\" alt=\"taxinachherrenberg-239-web\" width=\"300\" height=\"168\" srcset=\"https:\/\/formweh.de\/wp-content\/uploads\/2014\/10\/taxinachherrenberg-239-web-300x168.jpg 300w, https:\/\/formweh.de\/wp-content\/uploads\/2014\/10\/taxinachherrenberg-239-web-1024x576.jpg 1024w, https:\/\/formweh.de\/wp-content\/uploads\/2014\/10\/taxinachherrenberg-239-web.jpg 2000w\" sizes=\"auto, (max-width: 300px) 100vw, 300px\" \/><\/a><p id=\"caption-attachment-4511\" class=\"wp-caption-text\">Herrenberg liegt im G\u00e4u am Rande des Schwarzwaldes<\/p><\/div>\n<p style=\"text-align: left;\">&nbsp;Nach Braun (2005 \/ 2009), Maly (2006 \/ 2013) und Ghyczy (2009) wird nun bei uns wieder ein Firmenportr\u00e4t zu einem Buch. Wir haben die Ehre, die Verantwortung und das Vergn\u00fcgen, zum Hundertf\u00fcnfzigsten der Firma Walter Knoll aus Herrenberg das Jubil\u00e4umsbuch komplett zu gestalten. Anderthalb Jahrhunderte hochwertige Einrichtungen, viel Lederverstand eingeschlossen. Da die Firma Knoll immer f\u00fcr Innovationen gut war, ist diese Firmengeschichte fast zwangsl\u00e4ufig auch&nbsp; eine spannende Reise durch die Moderne, die Erste, die Zweite und die Dritte, in der wir uns gerade befinden. Das \u00fcber 300 Seiten starke Buch, das auch den Standort Herrenberg und die Region Schwaben als wichtigen Faktor kenntlich macht, erscheint im Herbst 2015.<\/p>\n<p style=\"text-align: left;\">.<\/p>\n<p style=\"text-align: left;\"><strong>Walter Gropius &#8211; Eine transatlantische Biografie<\/strong><\/p>\n<div id=\"attachment_4523\" style=\"width: 310px\" class=\"wp-caption alignleft\"><a href=\"https:\/\/formweh.de\/wp-content\/uploads\/2014\/10\/gropius-14-bp-panambuilding-wdrweb.jpg\"><img loading=\"lazy\" decoding=\"async\" aria-describedby=\"caption-attachment-4523\" class=\"size-medium wp-image-4523 \" src=\"https:\/\/formweh.de\/wp-content\/uploads\/2014\/10\/gropius-14-bp-panambuilding-wdrweb-300x168.jpg\" alt=\"gropius-14-bp-panambuilding-wdrweb\" width=\"300\" height=\"168\" srcset=\"https:\/\/formweh.de\/wp-content\/uploads\/2014\/10\/gropius-14-bp-panambuilding-wdrweb-300x168.jpg 300w, https:\/\/formweh.de\/wp-content\/uploads\/2014\/10\/gropius-14-bp-panambuilding-wdrweb-1024x576.jpg 1024w, https:\/\/formweh.de\/wp-content\/uploads\/2014\/10\/gropius-14-bp-panambuilding-wdrweb.jpg 1280w\" sizes=\"auto, (max-width: 300px) 100vw, 300px\" \/><\/a><p id=\"caption-attachment-4523\" class=\"wp-caption-text\">Das Pan Am Building sieht mancher als Ende der Moderne<\/p><\/div>\n<p style=\"text-align: left;\">&nbsp;Mitten auf der Park Avenue, hier im Hintergrund, hat der Bauhaus-Gr\u00fcnder, Emigrant und Harvard-Professor Gropius das damals gr\u00f6\u00dfte B\u00fcrogeb\u00e4ude der Welt gestellt. Es z\u00e4hlt auch heute noch zu den gr\u00f6\u00dften und l\u00f6ste damals eine aufgeregte Diskussion aus. Das war 1963. Walter Gropius war gerade in den Archiktenolymp bef\u00f6rdert worden. Bernd Polsters neue Biografie sp\u00fcrt den Br\u00fcchen seines Lebens nach: von der gl\u00fccklichen Kinderzeit in Berlin-Tiergarten \u00fcber die schicksalhafte Begegnung mit der Wiener Femmes Fatale Alma Mahler, den mehrfachen nahen Tod des Husaren Gropius im Ersten Weltkrieg und die Turbulenzen am Bauhaus bis zu seinem Sp\u00e4twerk in den USA &#8211; als ihn die 68er-Studenten unter dem Slogan &#8222;Grope Can Cope!&#8220; zum Pr\u00e4sidentschaftskandidaten aufstellten. Das Buch von Bernd Polster, das von Grund auf im b\u00fcro formweh recherchiert wurde,&nbsp; erscheint 2015 im M\u00fcnchner Siedler-Verlag.<\/p>\n<p style=\"text-align: left;\">.<\/p>\n<p style=\"text-align: left;\"><strong>bildweh. Eine Ausstellung<\/strong><\/p>\n<div id=\"attachment_4567\" style=\"width: 310px\" class=\"wp-caption alignleft\"><a href=\"https:\/\/formweh.de\/wp-content\/uploads\/2014\/10\/141016-ausstellungsplan-275-web.jpg\"><img loading=\"lazy\" decoding=\"async\" aria-describedby=\"caption-attachment-4567\" class=\"size-medium wp-image-4567\" src=\"https:\/\/formweh.de\/wp-content\/uploads\/2014\/10\/141016-ausstellungsplan-275-web-300x168.jpg\" alt=\"H\u00e4ngeplan, vorl\u00e4ufig bis final\" width=\"300\" height=\"168\" srcset=\"https:\/\/formweh.de\/wp-content\/uploads\/2014\/10\/141016-ausstellungsplan-275-web-300x168.jpg 300w, https:\/\/formweh.de\/wp-content\/uploads\/2014\/10\/141016-ausstellungsplan-275-web-1024x575.jpg 1024w, https:\/\/formweh.de\/wp-content\/uploads\/2014\/10\/141016-ausstellungsplan-275-web.jpg 1500w\" sizes=\"auto, (max-width: 300px) 100vw, 300px\" \/><\/a><p id=\"caption-attachment-4567\" class=\"wp-caption-text\">H\u00e4ngeplan, vorl\u00e4ufig bis final<\/p><\/div>\n<p style=\"text-align: left;\">Obwohl es Bilder sind, die es ja alle schon gibt, will das Konzept wohl\u00fcberlegt sein. bildweh zeigt Arbeiten von Bernd Polster. Zum einen fr\u00fche Zeichnungen und Collagen, die mysteri\u00f6se Momente aus der popul\u00e4ren Kultur und der deutschen Geschichte aufgreifen. Bei den neueren Arbeiten handelt es sich um Fotografien und digitale Collagen, in denen Motive der Moderne, aktuelle politische Entwicklungen und ausgew\u00e4hlte visuelle Fragmente vermischt werden. Aus j\u00fcngster Zeit stammen mobile Bilder aus dem Fahrersitz sowie Nahaufnahmen erodierender Dinge. Die Ausstellung l\u00e4uft vom Donnerstag. dem 20. November, bis zum Sonntag, dem 14. Dezember, im <a href=\"http:\/\/www.kult41.net\/kult41-home\/news-einzelansicht\/?tx_ttnews[tt_news]=36&amp;cHash=ab67e74cf011ed022bbd080faf2a349d\" target=\"_blank\" rel=\"noopener\">Kult 41<\/a>, Bonn Hochstadenring 41. Zur Vernissage (20.11. 19 Uhr) und zur Finissage (14. 12. 16 Uhr) spielt die Band <a href=\"https:\/\/soundcloud.com\/jimi-heinrich-orchestra\" target=\"_blank\" rel=\"noopener\">Jimi Heinrich Orchestra<\/a>.<\/p>\n<p><span style=\"font-family: Myriad Pro,sans-serif;\">&nbsp;<\/span><\/p>\n","protected":false},"excerpt":{"rendered":"<p>&nbsp; Walter Knoll 150 &#8211; Reise durch die Moderne &nbsp;Nach Braun (2005 \/ 2009), Maly (2006 \/ 2013) und Ghyczy (2009) wird nun bei uns wieder ein Firmenportr\u00e4t zu einem Buch. Wir haben die Ehre, die Verantwortung und das Vergn\u00fcgen, &hellip; <a href=\"https:\/\/formweh.de\/?page_id=4450\">Weiterlesen <span class=\"meta-nav\">&rarr;<\/span><\/a><\/p>\n","protected":false},"author":1,"featured_media":0,"parent":0,"menu_order":0,"comment_status":"open","ping_status":"open","template":"","meta":{"footnotes":""},"class_list":["post-4450","page","type-page","status-publish","hentry"],"_links":{"self":[{"href":"https:\/\/formweh.de\/index.php?rest_route=\/wp\/v2\/pages\/4450","targetHints":{"allow":["GET"]}}],"collection":[{"href":"https:\/\/formweh.de\/index.php?rest_route=\/wp\/v2\/pages"}],"about":[{"href":"https:\/\/formweh.de\/index.php?rest_route=\/wp\/v2\/types\/page"}],"author":[{"embeddable":true,"href":"https:\/\/formweh.de\/index.php?rest_route=\/wp\/v2\/users\/1"}],"replies":[{"embeddable":true,"href":"https:\/\/formweh.de\/index.php?rest_route=%2Fwp%2Fv2%2Fcomments&post=4450"}],"version-history":[{"count":54,"href":"https:\/\/formweh.de\/index.php?rest_route=\/wp\/v2\/pages\/4450\/revisions"}],"predecessor-version":[{"id":5682,"href":"https:\/\/formweh.de\/index.php?rest_route=\/wp\/v2\/pages\/4450\/revisions\/5682"}],"wp:attachment":[{"href":"https:\/\/formweh.de\/index.php?rest_route=%2Fwp%2Fv2%2Fmedia&parent=4450"}],"curies":[{"name":"wp","href":"https:\/\/api.w.org\/{rel}","templated":true}]}}