{"id":2623,"date":"2012-02-09T18:42:38","date_gmt":"2012-02-09T17:42:38","guid":{"rendered":"http:\/\/formweh.de\/?page_id=2623"},"modified":"2014-10-02T16:24:14","modified_gmt":"2014-10-02T15:24:14","slug":"ich-weis-nicht-was-soll-es-bedeuten","status":"publish","type":"page","link":"https:\/\/formweh.de\/?page_id=2623","title":{"rendered":"inhalt"},"content":{"rendered":"<div><a href=\"https:\/\/formweh.de\/wp-content\/uploads\/2012\/02\/indergondel-518.jpg\"><img loading=\"lazy\" decoding=\"async\" class=\"aligncenter size-medium wp-image-4129\" alt=\"indergondel-518\" src=\"https:\/\/formweh.de\/wp-content\/uploads\/2012\/02\/indergondel-518-300x200.jpg\" width=\"300\" height=\"200\" srcset=\"https:\/\/formweh.de\/wp-content\/uploads\/2012\/02\/indergondel-518-300x200.jpg 300w, https:\/\/formweh.de\/wp-content\/uploads\/2012\/02\/indergondel-518-1024x684.jpg 1024w, https:\/\/formweh.de\/wp-content\/uploads\/2012\/02\/indergondel-518.jpg 2000w\" sizes=\"auto, (max-width: 300px) 100vw, 300px\" \/><\/a><em><\/em><em><em><\/em><\/em><\/div>\n<div><\/div>\n<div><em><em>&#8222;Den Schiffer im kleinen Schiffe\u00a0<\/em>ergreift es mit wildem Weh.&#8220;<br \/>\n<\/em><\/p>\n<p style=\"text-align: left;\">So war das damals mit dem Dichter Heinrich Heine, dem ungl\u00fccklichen Kapit\u00e4n in seinem schwankenden Boot und diesem starken Weh in seiner Brust, das er sp\u00fcrte. Bekanntlich weil die Lorely mit ihrer blonden Haarpracht ihn so reizte. Was daraus geworden ist, wei\u00df die ganze Welt. Ein tragisches Schiffsungl\u00fcck und ein sch\u00f6nes Lied. Das ist lange her, aber sollte zu denken geben.\u00a0 Zumal der Boden unserer Gewissheiten heutzutage ja auch bedenklich schwankt. formweh steht auf der Seite der Schwankenden, der Hin-und-her-Gerissenen, also derjenigen, die es noch sp\u00fcren, dieses wilde Weh!\u00a0 <em><\/em><\/p>\n<p style=\"text-align: left;\">Buch, Rede, Radio, Film, Web, Foto, Kunst aus dem b\u00fcro formweh.<\/p>\n<p style=\"text-align: left;\"><a href=\"https:\/\/formweh.de\/wp-content\/uploads\/2012\/02\/motor-914-web.jpg\"><img loading=\"lazy\" decoding=\"async\" class=\"aligncenter size-medium wp-image-4367\" alt=\"motor-914-web\" src=\"https:\/\/formweh.de\/wp-content\/uploads\/2012\/02\/motor-914-web-300x200.jpg\" width=\"300\" height=\"200\" srcset=\"https:\/\/formweh.de\/wp-content\/uploads\/2012\/02\/motor-914-web-300x200.jpg 300w, https:\/\/formweh.de\/wp-content\/uploads\/2012\/02\/motor-914-web.jpg 1000w\" sizes=\"auto, (max-width: 300px) 100vw, 300px\" \/><\/a><\/p>\n<p><em>&#8222;Ich wei\u00df nicht, was soll es bedeuten&#8220;<\/em>, lie\u00df Heine den armen Schiffer seufzen. Da ist er, der Schrei nach Bedeutung! Deshalb begeben wir uns auf\u00a0 die manchmal gef\u00e4hrliche Sinnsuche. In unserer kleinen Barkasse formweh schippern wir \u00fcber die kapitalistischen Ozeane, wo die Herrschaft der Dinge unendlich scheint ..<\/p>\n<p>&nbsp;<\/p>\n<\/div>\n","protected":false},"excerpt":{"rendered":"<p>&#8222;Den Schiffer im kleinen Schiffe\u00a0ergreift es mit wildem Weh.&#8220; So war das damals mit dem Dichter Heinrich Heine, dem ungl\u00fccklichen Kapit\u00e4n in seinem schwankenden Boot und diesem starken Weh in seiner Brust, das er sp\u00fcrte. Bekanntlich weil die Lorely mit &hellip; <a href=\"https:\/\/formweh.de\/?page_id=2623\">Weiterlesen <span class=\"meta-nav\">&rarr;<\/span><\/a><\/p>\n","protected":false},"author":1,"featured_media":0,"parent":0,"menu_order":0,"comment_status":"open","ping_status":"open","template":"","meta":{"footnotes":""},"class_list":["post-2623","page","type-page","status-publish","hentry"],"_links":{"self":[{"href":"https:\/\/formweh.de\/index.php?rest_route=\/wp\/v2\/pages\/2623","targetHints":{"allow":["GET"]}}],"collection":[{"href":"https:\/\/formweh.de\/index.php?rest_route=\/wp\/v2\/pages"}],"about":[{"href":"https:\/\/formweh.de\/index.php?rest_route=\/wp\/v2\/types\/page"}],"author":[{"embeddable":true,"href":"https:\/\/formweh.de\/index.php?rest_route=\/wp\/v2\/users\/1"}],"replies":[{"embeddable":true,"href":"https:\/\/formweh.de\/index.php?rest_route=%2Fwp%2Fv2%2Fcomments&post=2623"}],"version-history":[{"count":44,"href":"https:\/\/formweh.de\/index.php?rest_route=\/wp\/v2\/pages\/2623\/revisions"}],"predecessor-version":[{"id":2630,"href":"https:\/\/formweh.de\/index.php?rest_route=\/wp\/v2\/pages\/2623\/revisions\/2630"}],"wp:attachment":[{"href":"https:\/\/formweh.de\/index.php?rest_route=%2Fwp%2Fv2%2Fmedia&parent=2623"}],"curies":[{"name":"wp","href":"https:\/\/api.w.org\/{rel}","templated":true}]}}